{"id":6510,"date":"2022-01-05T18:04:00","date_gmt":"2022-01-05T17:04:00","guid":{"rendered":"https:\/\/lbgkennel.se\/?page_id=6510"},"modified":"2022-01-05T22:23:10","modified_gmt":"2022-01-05T21:23:10","slug":"kontakt","status":"publish","type":"page","link":"https:\/\/lbgkennel.se\/index.php\/kontakt\/","title":{"rendered":"Kontakt"},"content":{"rendered":"\n<p>Ann Liedberg, 0709-606465<\/p>\n\n\n\n<p>Ronja Bergsj\u00f6<\/p>\n\n\n\n<p>Landbog\u00e5rd 2 Horsaberga, 34175 Hamneda.<\/p>\n\n\n\n<p>landbogardslabradoodle p\u00e5 Instagram <\/p>\n","protected":false},"excerpt":{"rendered":"<p>Ann Liedberg, 0709-606465 Ronja Bergsj\u00f6 Landbog\u00e5rd 2 Horsaberga, 34175 Hamneda. landbogardslabradoodle p\u00e5 Instagram<\/p>\n","protected":false},"author":1,"featured_media":0,"parent":0,"menu_order":0,"comment_status":"closed","ping_status":"closed","template":"","meta":{"footnotes":""},"class_list":["post-6510","page","type-page","status-publish","hentry"],"_links":{"self":[{"href":"https:\/\/lbgkennel.se\/index.php\/wp-json\/wp\/v2\/pages\/6510","targetHints":{"allow":["GET"]}}],"collection":[{"href":"https:\/\/lbgkennel.se\/index.php\/wp-json\/wp\/v2\/pages"}],"about":[{"href":"https:\/\/lbgkennel.se\/index.php\/wp-json\/wp\/v2\/types\/page"}],"author":[{"embeddable":true,"href":"https:\/\/lbgkennel.se\/index.php\/wp-json\/wp\/v2\/users\/1"}],"replies":[{"embeddable":true,"href":"https:\/\/lbgkennel.se\/index.php\/wp-json\/wp\/v2\/comments?post=6510"}],"version-history":[{"count":3,"href":"https:\/\/lbgkennel.se\/index.php\/wp-json\/wp\/v2\/pages\/6510\/revisions"}],"predecessor-version":[{"id":6537,"href":"https:\/\/lbgkennel.se\/index.php\/wp-json\/wp\/v2\/pages\/6510\/revisions\/6537"}],"wp:attachment":[{"href":"https:\/\/lbgkennel.se\/index.php\/wp-json\/wp\/v2\/media?parent=6510"}],"curies":[{"name":"wp","href":"https:\/\/api.w.org\/{rel}","templated":true}]}}