{"id":6663,"date":"2023-04-16T19:31:36","date_gmt":"2023-04-16T17:31:36","guid":{"rendered":"https:\/\/lbgkennel.se\/?page_id=6663"},"modified":"2023-04-24T10:19:26","modified_gmt":"2023-04-24T08:19:26","slug":"tips","status":"publish","type":"page","link":"https:\/\/lbgkennel.se\/index.php\/tips\/","title":{"rendered":"Tips"},"content":{"rendered":"\n<figure class=\"wp-block-image size-large is-resized\"><img loading=\"lazy\" decoding=\"async\" src=\"https:\/\/lbgkennel.se\/wp-content\/uploads\/2023\/04\/19ADFA65-741B-4E9E-9420-F13887ACC8B5-768x1024.jpeg\" alt=\"\" class=\"wp-image-6680\" width=\"352\" height=\"469\" srcset=\"https:\/\/lbgkennel.se\/wp-content\/uploads\/2023\/04\/19ADFA65-741B-4E9E-9420-F13887ACC8B5-768x1024.jpeg 768w, https:\/\/lbgkennel.se\/wp-content\/uploads\/2023\/04\/19ADFA65-741B-4E9E-9420-F13887ACC8B5-225x300.jpeg 225w, https:\/\/lbgkennel.se\/wp-content\/uploads\/2023\/04\/19ADFA65-741B-4E9E-9420-F13887ACC8B5-1152x1536.jpeg 1152w, https:\/\/lbgkennel.se\/wp-content\/uploads\/2023\/04\/19ADFA65-741B-4E9E-9420-F13887ACC8B5-1536x2048.jpeg 1536w, https:\/\/lbgkennel.se\/wp-content\/uploads\/2023\/04\/19ADFA65-741B-4E9E-9420-F13887ACC8B5-2000x2667.jpeg 2000w, https:\/\/lbgkennel.se\/wp-content\/uploads\/2023\/04\/19ADFA65-741B-4E9E-9420-F13887ACC8B5-scaled.jpeg 1920w\" sizes=\"auto, (max-width: 352px) 100vw, 352px\" \/><\/figure>\n\n\n\n<p>Bra att tr\u00e4na p\u00e5 att st\u00e5 p\u00e5 klippbordet redan som valp<\/p>\n\n\n\n<h2 class=\"wp-block-heading\">Sk\u00f6tsel<\/h2>\n\n\n\n<p><strong> P\u00e4ls<\/strong><\/p>\n\n\n\n<p>Eftersom labradoodels inte f\u00e4ller alls eller v\u00e4ldigt lite s\u00e5 beh\u00f6ver de klippas.<\/p>\n\n\n\n<p>Vi klipper v\u00e5ra 3-4 g\u00e5nger\/\u00e5r \u00e4r lite olika beroende p\u00e5 vilken typ av p\u00e4ls de har och om det \u00e4r varmt eller kallt.<\/p>\n\n\n\n<p>Har de lite rakare p\u00e4ls med stora lockar \u00e4r det enkelt att klippa med sax, har de mer pudellockar s\u00e5 klipper vi med maskin. <\/p>\n\n\n\n<p>Det man beh\u00f6ver ha koll p\u00e5 \u00e4r h\u00e5ret i \u00f6ronen. Blir det f\u00f6r mycket s\u00e5 kan det l\u00e4tt uppst\u00e5 infektioner, s\u00e5 det kan man beh\u00f6va plocka bort.<\/p>\n\n\n\n<p><strong>K\u00e4nn igenom din hund<\/strong><\/p>\n\n\n\n<p>Om inte dagligen s\u00e5 minst en g\u00e5ng i veckan, s\u00e5 den inte har n\u00e5gra sm\u00e5s\u00e5r, f\u00e4stingar eller annat.<\/p>\n\n\n\n<p><strong>F\u00e4stingmedel<\/strong><\/p>\n\n\n\n<p>Det finns m\u00e5nga olika sorter b\u00e5de receptfria och p\u00e5 recept. Det kan var droppar i nacken, halsband och tabletter. <\/p>\n\n\n\n<p><strong>Klor<\/strong><\/p>\n\n\n\n<p>G\u00f6r det till en god vana att klippa klorna. Klipp 1-2 g\u00e5nger i m\u00e5naden. Klipp heller lite och ofta.<\/p>\n\n\n\n<h2 class=\"wp-block-heading\">H\u00e4lsa<\/h2>\n\n\n\n<p>Labradoodels \u00e4r en frisk hundras men den kan drabbas av h\u00e4lsoproblem.<\/p>\n\n\n\n<ul class=\"wp-block-list\">\n<li>\u00f6ronsjukdomar<\/li>\n\n\n\n<li>armb\u00e5gsdysplasi<\/li>\n\n\n\n<li>h\u00f6ftledsdysplasi<\/li>\n\n\n\n<li>epilepsi<\/li>\n\n\n\n<li>diabetes<\/li>\n\n\n\n<li>\u00f6gonsjukdomar<\/li>\n<\/ul>\n\n\n\n<figure class=\"wp-block-image size-large\"><img loading=\"lazy\" decoding=\"async\" width=\"1024\" height=\"768\" src=\"https:\/\/lbgkennel.se\/wp-content\/uploads\/2022\/01\/41ED8F05-BF10-45C1-9F74-2D0C3047276F-1024x768.jpeg\" alt=\"\" class=\"wp-image-6564\" srcset=\"https:\/\/lbgkennel.se\/wp-content\/uploads\/2022\/01\/41ED8F05-BF10-45C1-9F74-2D0C3047276F-1024x768.jpeg 1024w, https:\/\/lbgkennel.se\/wp-content\/uploads\/2022\/01\/41ED8F05-BF10-45C1-9F74-2D0C3047276F-300x225.jpeg 300w, https:\/\/lbgkennel.se\/wp-content\/uploads\/2022\/01\/41ED8F05-BF10-45C1-9F74-2D0C3047276F-768x576.jpeg 768w, https:\/\/lbgkennel.se\/wp-content\/uploads\/2022\/01\/41ED8F05-BF10-45C1-9F74-2D0C3047276F-1536x1152.jpeg 1536w, https:\/\/lbgkennel.se\/wp-content\/uploads\/2022\/01\/41ED8F05-BF10-45C1-9F74-2D0C3047276F-2000x1500.jpeg 2000w, https:\/\/lbgkennel.se\/wp-content\/uploads\/2022\/01\/41ED8F05-BF10-45C1-9F74-2D0C3047276F.jpeg 2048w\" sizes=\"auto, (max-width: 1024px) 100vw, 1024px\" \/><\/figure>\n\n\n\n<h2 class=\"wp-block-heading\">Aktivering<\/h2>\n\n\n\n<p>Labradoodels kan anpassa sig till n\u00e4stan alla milj\u00f6er (rekommenderas inte till l\u00e4genhet). De beh\u00f6ver 30-60 minuters motion varje dag f\u00f6r att m\u00e5 bra. De m\u00e5r bra av att vara i en inh\u00e4gnad d\u00e4r de kan springa fritt och leka.<\/p>\n\n\n\n<p>De \u00e4r smarta och beh\u00f6ver aktiveras mentalt. Labradoodeln \u00e4r en intelligent hund som vill vara tillags, <\/p>\n\n\n\n<p>Nose Work, rally lydnad, agility \u00e4r aktiviteter som  ofta passar dessa hundar. Det finns en uppsj\u00f6 av olika kurser och tr\u00e4ningsformer det \u00e4r bara att s\u00f6ka hundklubbar och deras utbud. Att g\u00e5 p\u00e5 kurs med sin hund \u00e4r ett bra s\u00e4tt att tr\u00e4ffa andra hund\u00e4gare och f\u00f6r hunden att tr\u00e4ffa andra hundar under ordnade former. D\u00e4r kan man f\u00e5 hj\u00e4lp med att hitta en l\u00e4mplig aktivitet f\u00f6r sin hund. <\/p>\n","protected":false},"excerpt":{"rendered":"<p>Bra att tr\u00e4na p\u00e5 att st\u00e5 p\u00e5 klippbordet redan som valp Sk\u00f6tsel P\u00e4ls Eftersom labradoodels inte f\u00e4ller alls eller v\u00e4ldigt lite s\u00e5 beh\u00f6ver de klippas. Vi klipper v\u00e5ra 3-4 g\u00e5nger\/\u00e5r \u00e4r lite olika beroende p\u00e5 vilken typ av p\u00e4ls de har och om det \u00e4r varmt eller kallt. Har de lite rakare p\u00e4ls med stora &hellip; <\/p>\n<p class=\"link-more\"><a href=\"https:\/\/lbgkennel.se\/index.php\/tips\/\" class=\"more-link\">L\u00e4s mer<span class=\"screen-reader-text\"> \u201dTips\u201d<\/span><\/a><\/p>\n","protected":false},"author":1,"featured_media":0,"parent":0,"menu_order":0,"comment_status":"closed","ping_status":"closed","template":"","meta":{"footnotes":""},"class_list":["post-6663","page","type-page","status-publish","hentry"],"_links":{"self":[{"href":"https:\/\/lbgkennel.se\/index.php\/wp-json\/wp\/v2\/pages\/6663","targetHints":{"allow":["GET"]}}],"collection":[{"href":"https:\/\/lbgkennel.se\/index.php\/wp-json\/wp\/v2\/pages"}],"about":[{"href":"https:\/\/lbgkennel.se\/index.php\/wp-json\/wp\/v2\/types\/page"}],"author":[{"embeddable":true,"href":"https:\/\/lbgkennel.se\/index.php\/wp-json\/wp\/v2\/users\/1"}],"replies":[{"embeddable":true,"href":"https:\/\/lbgkennel.se\/index.php\/wp-json\/wp\/v2\/comments?post=6663"}],"version-history":[{"count":3,"href":"https:\/\/lbgkennel.se\/index.php\/wp-json\/wp\/v2\/pages\/6663\/revisions"}],"predecessor-version":[{"id":6722,"href":"https:\/\/lbgkennel.se\/index.php\/wp-json\/wp\/v2\/pages\/6663\/revisions\/6722"}],"wp:attachment":[{"href":"https:\/\/lbgkennel.se\/index.php\/wp-json\/wp\/v2\/media?parent=6663"}],"curies":[{"name":"wp","href":"https:\/\/api.w.org\/{rel}","templated":true}]}}