{"id":6704,"date":"2023-04-23T14:49:44","date_gmt":"2023-04-23T12:49:44","guid":{"rendered":"https:\/\/lbgkennel.se\/?page_id=6704"},"modified":"2023-04-24T11:13:48","modified_gmt":"2023-04-24T09:13:48","slug":"valparnas-tid-hos-oss","status":"publish","type":"page","link":"https:\/\/lbgkennel.se\/index.php\/valparnas-tid-hos-oss\/","title":{"rendered":"V\u00e5r uppf\u00f6dning, valparnas tid hos oss"},"content":{"rendered":"\n<h2 class=\"wp-block-heading\">V\u00e5ra avelsm\u00e5l<\/h2>\n\n\n\n<p>Vi har en liten uppf\u00f6dning av Labradoodles med en kull per \u00e5r.<\/p>\n\n\n\n<p>V\u00e5rt avelsm\u00e5l \u00e4r att f\u00f6da upp glada, trygga och sunda hundar med ett stabilt psyke som passar i v\u00e5rt moderna samh\u00e4lle. De kan vara en arbetskamrat, t\u00e4vlingskompis, familjehund och b\u00e4sta v\u00e4n.<\/p>\n\n\n\n<p>Vi \u00e4r m\u00e5na om att de egenskaper som \u00e4r typiska f\u00f6r Labradoodles beh\u00e5lls. Med sitt underbara temperament och arbetsvilja passar de utm\u00e4rkt som familjehundar, sociala tj\u00e4nstehundar inom v\u00e5rd och skola. Att de sedan inte f\u00e4ller h\u00e5r g\u00f6r att de oftast fungerar ihop med personer med l\u00e4ttare allergier.<\/p>\n\n\n\n<p>En Labradoodle \u00e4r lyckligast n\u00e4r den \u00e4r med m\u00e4nniskor den \u00e4lskar, den \u00f6ver\u00f6ser sin familj med tillgivenhet och h\u00e4ngivenhet. En Labradoodle \u00e4r oftast l\u00e4tt att tr\u00e4na, eftersom de \u00e4r intelligenta och ivriga att vara tillags.<\/p>\n\n\n\n<p>De \u00e4r v\u00e4nliga och m\u00f6ter alla de tr\u00e4ffar som sin b\u00e4sta v\u00e4n. Valpar med ett bra temperament \u00e4r nyfikna och lekfulla och villigt n\u00e4rmar sig m\u00e4nniskor f\u00f6r att f\u00e5 deras uppm\u00e4rksamhet.<\/p>\n\n\n\n<h2 class=\"wp-block-heading\">Valparnas tid hos oss<\/h2>\n\n\n\n<div class=\"wp-block-cover\"><span aria-hidden=\"true\" class=\"wp-block-cover__background has-background-dim\"><\/span><img loading=\"lazy\" decoding=\"async\" width=\"1024\" height=\"1024\" class=\"wp-block-cover__image-background wp-image-6706\" alt=\"\" src=\"https:\/\/lbgkennel.se\/wp-content\/uploads\/2023\/04\/valp4-1-1024x1024.jpg\" data-object-fit=\"cover\" srcset=\"https:\/\/lbgkennel.se\/wp-content\/uploads\/2023\/04\/valp4-1-1024x1024.jpg 1024w, https:\/\/lbgkennel.se\/wp-content\/uploads\/2023\/04\/valp4-1-300x300.jpg 300w, https:\/\/lbgkennel.se\/wp-content\/uploads\/2023\/04\/valp4-1-150x150.jpg 150w, https:\/\/lbgkennel.se\/wp-content\/uploads\/2023\/04\/valp4-1-768x768.jpg 768w, https:\/\/lbgkennel.se\/wp-content\/uploads\/2023\/04\/valp4-1.jpg 1500w\" sizes=\"auto, (max-width: 1024px) 100vw, 1024px\" \/><div class=\"wp-block-cover__inner-container is-layout-flow wp-block-cover-is-layout-flow\">\n<p class=\"has-text-align-center has-large-font-size\">valpar tv\u00e5 veckor gamla<\/p>\n\n\n\n<figure class=\"wp-block-image size-large\"><img loading=\"lazy\" decoding=\"async\" width=\"1024\" height=\"1024\" src=\"https:\/\/lbgkennel.se\/wp-content\/uploads\/2023\/04\/valp1-1-1024x1024.jpg\" alt=\"\" class=\"wp-image-6707\" srcset=\"https:\/\/lbgkennel.se\/wp-content\/uploads\/2023\/04\/valp1-1-1024x1024.jpg 1024w, https:\/\/lbgkennel.se\/wp-content\/uploads\/2023\/04\/valp1-1-300x300.jpg 300w, https:\/\/lbgkennel.se\/wp-content\/uploads\/2023\/04\/valp1-1-150x150.jpg 150w, https:\/\/lbgkennel.se\/wp-content\/uploads\/2023\/04\/valp1-1-768x768.jpg 768w, https:\/\/lbgkennel.se\/wp-content\/uploads\/2023\/04\/valp1-1.jpg 1500w\" sizes=\"auto, (max-width: 1024px) 100vw, 1024px\" \/><\/figure>\n<\/div><\/div>\n\n\n\n<p>Redan ett par veckor f\u00f6re ber\u00e4knad valpning, plockas valpl\u00e5dan fram och tiken f\u00e5r v\u00e4nja sig vid den och den \u00e4r placerad i sovrummet. Vi b\u00f6rjar ocks\u00e5 ge tiken ett anpassat foder f\u00f6r dr\u00e4ktiga tikar och valpar fr\u00e5n Royal Canin. Detta foder \u00e4ter tiken under hela valpperioden och valparna f\u00e5r detta ocks\u00e5 n\u00e4r det \u00e4r dags f\u00f6r avv\u00e4njning.<\/p>\n\n\n\n<p>Vid valpningen finns vi d\u00e4r som ett st\u00f6d f\u00f6r tiken, klappar, lugnar och finns till hans om hon beh\u00f6ver hj\u00e4lp. Sj\u00e4lva valpningen tar 5-6 timmar om allt g\u00e5r bra och lite beroende p\u00e5 kullens storlek.<\/p>\n\n\n\n<p>Vi g\u00f6r alltid ett ultraljud halvv\u00e4gs in i dr\u00e4ktigheten, s\u00e5 vi har ett humm om hur m\u00e5nga valpar det finns i magen.<\/p>\n\n\n\n<p>N\u00e4r valparna \u00e4r nyf\u00f6dda \u00e4r det viktigt att de f\u00e5r lugn och ro, att tiken f\u00e5r vila, \u00e4ta lite och ut och kissa, men f\u00f6r \u00f6vrigt vara ifred.<\/p>\n\n\n\n<p>I samband med f\u00f6delsen s\u00e5 dokumenterar vi k\u00f6n, k\u00e4nnetecken och vikt. Vi v\u00e4ger valparna de f\u00f6rsta dagarna, s\u00e5 att vi ser att de \u00f6kar i vikt och tikens mj\u00f6lkproduktion har kommit ig\u00e5ng.<\/p>\n\n\n\n<p>De f\u00f6rsta veckorna sk\u00f6ter tiken sina valpar sj\u00e4lv i lugn och ro. N\u00e4r de \u00e4r ca tv\u00e5 veckor \u00f6ppnar de \u00f6gonen och b\u00f6rjar \u00e4ven h\u00f6ra. D\u00e5 \u00e4r det dags att klippa klor och f\u00f6r avmaskning.<\/p>\n\n\n\n<p>Vi avmaskar v\u00e5ra valpar vid 3,5 och 7 veckor.<\/p>\n\n\n\n<p>Nu p\u00e5b\u00f6rjas \u00e4ven socialiseringsprocessen, att vi plockar upp dem, kelar och myser. Vi b\u00f6rjar ocks\u00e5 att introducera mat, f\u00f6rst f\u00e5r de majv\u00e4lling och sedan g\u00e5r vi \u00f6ver till valpfoder.<\/p>\n\n\n\n<p>De \u00e4r mer r\u00f6rliga nu och b\u00f6rjar lite sm\u00e5tt att leka och busa med varandra. Tiken \u00e4r inte l\u00e4ngre i valpl\u00e5dan men aldrig l\u00e4ngre bort \u00e4n att hon h\u00f6r n\u00e4r de vaknar och vill ha mat.<\/p>\n\n\n\n<p>3-4 veckor och det \u00e4r dags att flytta ut ur sovrummet och in i valprummet.<\/p>\n\n\n\n<p>4-5 veckor \u00e4r det nu fint v\u00e4der f\u00e5r de vara ute i en hage p\u00e5 gr\u00e4smattan. De f\u00e5r tr\u00e4ffa v\u00e5ra andra hundar och personer utanf\u00f6r familjen.<\/p>\n\n\n\n<p>5-8 veckor<\/p>\n\n\n\n<p>Nu b\u00f6rjar en tid n\u00e4r vi l\u00e5ter valparna utforska omgivningarna. De kan f\u00e5 f\u00f6lja med till stallet, tr\u00e4ffa h\u00f6nsen, f\u00f6lja med till brevl\u00e5dan, kl\u00e4ttra, \u00e5ka bil, m\u00f6ta olika vardagsljud tex i k\u00f6ket. <\/p>\n\n\n\n<p>V\u00e5ra valpkullar f\u00f6rs\u00f6ker vi planera till v\u00e5r och sommar s\u00e5 valparna kan f\u00e5 vara ute s\u00e5 mycket som m\u00f6jligt.<\/p>\n\n\n\n<figure class=\"wp-block-image size-large\"><img loading=\"lazy\" decoding=\"async\" width=\"1024\" height=\"768\" src=\"https:\/\/lbgkennel.se\/wp-content\/uploads\/2023\/04\/1BAAAD4A-0F3A-48FB-BBF1-1FBF9E682891-1024x768.jpeg\" alt=\"\" class=\"wp-image-6678\" srcset=\"https:\/\/lbgkennel.se\/wp-content\/uploads\/2023\/04\/1BAAAD4A-0F3A-48FB-BBF1-1FBF9E682891-1024x768.jpeg 1024w, https:\/\/lbgkennel.se\/wp-content\/uploads\/2023\/04\/1BAAAD4A-0F3A-48FB-BBF1-1FBF9E682891-300x225.jpeg 300w, https:\/\/lbgkennel.se\/wp-content\/uploads\/2023\/04\/1BAAAD4A-0F3A-48FB-BBF1-1FBF9E682891-768x576.jpeg 768w, https:\/\/lbgkennel.se\/wp-content\/uploads\/2023\/04\/1BAAAD4A-0F3A-48FB-BBF1-1FBF9E682891-1536x1152.jpeg 1536w, https:\/\/lbgkennel.se\/wp-content\/uploads\/2023\/04\/1BAAAD4A-0F3A-48FB-BBF1-1FBF9E682891-2048x1536.jpeg 2048w, https:\/\/lbgkennel.se\/wp-content\/uploads\/2023\/04\/1BAAAD4A-0F3A-48FB-BBF1-1FBF9E682891-2000x1500.jpeg 2000w\" sizes=\"auto, (max-width: 1024px) 100vw, 1024px\" \/><\/figure>\n","protected":false},"excerpt":{"rendered":"<p>V\u00e5ra avelsm\u00e5l Vi har en liten uppf\u00f6dning av Labradoodles med en kull per \u00e5r. V\u00e5rt avelsm\u00e5l \u00e4r att f\u00f6da upp glada, trygga och sunda hundar med ett stabilt psyke som passar i v\u00e5rt moderna samh\u00e4lle. De kan vara en arbetskamrat, t\u00e4vlingskompis, familjehund och b\u00e4sta v\u00e4n. Vi \u00e4r m\u00e5na om att de egenskaper som \u00e4r typiska &hellip; <\/p>\n<p class=\"link-more\"><a href=\"https:\/\/lbgkennel.se\/index.php\/valparnas-tid-hos-oss\/\" class=\"more-link\">L\u00e4s mer<span class=\"screen-reader-text\"> \u201dV\u00e5r uppf\u00f6dning, valparnas tid hos oss\u201d<\/span><\/a><\/p>\n","protected":false},"author":1,"featured_media":0,"parent":0,"menu_order":0,"comment_status":"closed","ping_status":"closed","template":"","meta":{"footnotes":""},"class_list":["post-6704","page","type-page","status-publish","hentry"],"_links":{"self":[{"href":"https:\/\/lbgkennel.se\/index.php\/wp-json\/wp\/v2\/pages\/6704","targetHints":{"allow":["GET"]}}],"collection":[{"href":"https:\/\/lbgkennel.se\/index.php\/wp-json\/wp\/v2\/pages"}],"about":[{"href":"https:\/\/lbgkennel.se\/index.php\/wp-json\/wp\/v2\/types\/page"}],"author":[{"embeddable":true,"href":"https:\/\/lbgkennel.se\/index.php\/wp-json\/wp\/v2\/users\/1"}],"replies":[{"embeddable":true,"href":"https:\/\/lbgkennel.se\/index.php\/wp-json\/wp\/v2\/comments?post=6704"}],"version-history":[{"count":5,"href":"https:\/\/lbgkennel.se\/index.php\/wp-json\/wp\/v2\/pages\/6704\/revisions"}],"predecessor-version":[{"id":6727,"href":"https:\/\/lbgkennel.se\/index.php\/wp-json\/wp\/v2\/pages\/6704\/revisions\/6727"}],"wp:attachment":[{"href":"https:\/\/lbgkennel.se\/index.php\/wp-json\/wp\/v2\/media?parent=6704"}],"curies":[{"name":"wp","href":"https:\/\/api.w.org\/{rel}","templated":true}]}}